{"id":155,"date":"2021-03-01T19:21:52","date_gmt":"2021-03-01T19:21:52","guid":{"rendered":"https:\/\/h136286.web172.dogado.net\/?page_id=155"},"modified":"2025-05-19T10:45:30","modified_gmt":"2025-05-19T10:45:30","slug":"apartment","status":"publish","type":"page","link":"https:\/\/www.fewo-windrose-schoenbergerstrand.de\/?page_id=155","title":{"rendered":"Appartement"},"content":{"rendered":"\n\n\n\n<div style=\"height:60px\" aria-hidden=\"true\" class=\"wp-block-spacer\"><\/div>\n\n\n\n<p class=\"has-text-align-center has-text-color has-small-font-size gt-remove-margin-bottom\" style=\"color:#18344c;line-height:.9\"><strong>UNTERKUNFT<\/strong><\/p>\n\n\n\n<h2 class=\"has-text-align-center has-text-color\" id=\"schedule-a-visit\" style=\"color:#80abc4;font-size:30px;line-height:1.15\">Ihre eigenen vier Urlaubsw\u00e4nde<\/h2>\n\n\n\n<p class=\"has-text-align-center has-text-color\" style=\"color:#18344c\">Unsere moderne, gem\u00fctliche und im maritimen Stil eingerichtete Ferienwohnung\u00a0liegt im 1. OG einer kleinen Wohnanlage. Die Wohnung ist in sich in zwei Ebenen unterteilt. Im unteren Bereich verf\u00fcgt sie \u00fcber einen Wohn- und Essbereich mit integrierter K\u00fcche, einem separaten Schlafzimmer sowie einem Duschbad. Der Balkon ist nach S\u00fcden ausgerichtet. \u00dcber die Innentreppe gelangt man ins offene, lichtdurchflutete Dachgeschoss, das einen weiteren Schlafbereich sowie ein WC bietet.<\/p>\n\n\n\n<p class=\"has-text-align-center has-text-color\" style=\"color:#18344c\">Zu der Wohnung geh\u00f6ren au\u00dferdem ein <strong>PKW-Stellplatz<\/strong> sowie ein abschlie\u00dfbarer Keller, in dem Sie ihre <strong>Fahrr\u00e4der<\/strong> unterbringen k\u00f6nnen. Im Gemeinschaftskeller steht Ihnen eine M\u00fcnz-Waschmaschine und ein M\u00fcnz- Trockner zur Verf\u00fcgung. <\/p>\n\n\n\n<div style=\"height:30px\" aria-hidden=\"true\" class=\"wp-block-spacer\"><\/div>\n\n\n\n<div class=\"wp-container-1 wp-block-buttons\">\n<div class=\"wp-block-button has-custom-width wp-block-button__width-75 is-style-fill\"><a class=\"wp-block-button__link has-background\" href=\"https:\/\/www.fewo-windrose-schoenbergerstrand.de\/?page_id=185#visit-belegungsplan\" style=\"border-radius:50px;background-color:#4c7f9f\">VERF\u00dcGBARKEIT<\/a><\/div>\n\n\n\n<div class=\"wp-block-button has-custom-width wp-block-button__width-75\"><a class=\"wp-block-button__link has-text-color has-background\" href=\"https:\/\/www.fewo-windrose-schoenbergerstrand.de\/?page_id=990\" style=\"border-radius:50px;background-color:#80abc4;color:#ffffff\">BUCHUNGSANFRAGE<\/a><\/div>\n<\/div>\n\n\n\n<div style=\"height:20px\" aria-hidden=\"true\" class=\"wp-block-spacer\"><\/div>\n\n\n\n<div class=\"wp-block-nextend-smartslider3\"><\/div>\n\n\n\n<div style=\"height:60px\" aria-hidden=\"true\" class=\"wp-block-spacer\"><\/div>\n\n\n\n<p class=\"has-text-align-center has-text-color has-small-font-size\" style=\"color:#18344c;line-height:.9\"><strong>AUSSTATTUNG<\/strong><\/p>\n\n\n\n<h2 class=\"has-text-align-center has-text-color\" id=\"schedule-a-visit\" style=\"color:#80abc4;font-size:30px;line-height:1.15\"><strong>Alles, was man im Urlaub so braucht<\/strong><\/h2>\n\n\n\n<p><\/p><center><color:\"#18344c\">Mit viel Liebe zum Detail sorgen wir f\u00fcr einen gelungenen Strandurlaub.<\/color:\"#18344c\"><\/center><p><\/p>\n\n<link href=\"https:\/\/fonts.googleapis.com\/icon?family=Material+Icons\" rel=\"stylesheet\">\n<div class=\"column2\">\n<div class=\"material-icons\"><big><big>home<\/big><\/big><\/div>\n<div class=\"text\"><big>Wohnen<\/big><br>Appartement mit ausgebauten Dachboden, Balkon in s\u00fcdlicher Ausrichtung. Belegung max. 4 Personen.<\/div> \n<div class=\"material-icons\"><big><big>local_hotel<\/big><\/big><\/div>\n<div class=\"text\"><big>Schlafen<\/big><br>Doppelbett (180 x 200 cm), Kleiderschrank sowie zwei stapelbare Einzelbetten im DG. Babyreisebett mit Matratze und Bettschutzgitter stehen zur Verf\u00fcgung.<\/div> \n<div class=\"material-icons\"><big><big>shower<\/big><\/big><\/div>\n<div class=\"text\"><big>Duschbad<\/big><br>Regendusche mit bodentiefem Einstieg, Handtuchheizung, Schminkspiegel, F\u00f6hn.<\/div> \n<div class=\"material-icons\"><big><big>tv<\/big><\/big><\/div>\n<div class=\"text\"><big>Entertainment<\/big><br>SAT-TV Flachbildschirm (50 Zoll), BlueRay-Player und CD-Radio-Anlage. B\u00fccher und Spielesammlung f\u00fcr Gro\u00df und Klein.<\/div>\n<div class=\"material-icons\"><big><big>deck<\/big><\/big><\/div>\n<div class=\"text\"><big>Balkon<\/big><br>Tisch mit 4 St\u00fchlen, Sonnenschirm, Liege und Auflagen sowie einer Aufbewahrungsbox zum Verstauen der Auflagen.<\/div>\n<\/div>\n<div class=\"column2\">\n<div class=\"material-icons\"><big><big>beach_access<\/big><\/big><\/div>\n<div class=\"text\"><big>Strand<\/big><br>Die Unterkunft ist nur 200 Meter vom Strand entfernt. B\u00e4cker und Supermarkt sind fu\u00dfl\u00e4ufig erreichbar.<\/div> \n<div class=\"material-icons\"><big><big>local_dining<\/big><\/big><\/div>\n<div class=\"text\"><big>Kochen<\/big><br>Vollausgestattete K\u00fcche mit Induktionskochfeld, Backofen, K\u00fchlschrank, Geschirrsp\u00fcler, Wasserkocher, Toaster uvm.<\/div> \n<div class=\"material-icons\"><big><big>wifi<\/big><\/big><\/div>\n<div class=\"text\"><big>WLAN<\/big><br>Kostenloses Internet in der gesamten Unterkunft verf\u00fcgbar.<\/div> \n<div class=\"material-icons\"><big><big>directions_car<\/big><\/big><\/div>\n<div class=\"text\"><big>Parken<\/big><br>Kostenloser Parkplatz auf dem Grundst\u00fcck.<\/div>  \n<div class=\"material-icons\"><big><big>star<\/big><\/big><\/div>\n<div class=\"text\"><big>Sonstiges<\/big><br>B\u00fcgelbrett, B\u00fcgeleisen und W\u00e4schest\u00e4nder vorhanden. Zugang zur M\u00fcnzwaschmaschine und Trockner im Gemeinschaftskeller. Kinderhochstuhl, Kindergeschirr und -besteck sind vorhanden. Nichtraucherwohnung.<\/div> \n<\/div>\n\n\n\n<div style=\"height:10px\" aria-hidden=\"true\" class=\"wp-block-spacer\"><\/div>\n\n\n\n<p class=\"has-text-align-center has-text-color\" style=\"color:#4c7f9f\"><em>Sagen Sie uns, wenn Sie meinen wir haben etwas Wichtiges vergessen &#8211; wir sind offen f\u00fcr Anregungen.<\/em><\/p>\n\n\n\n<div style=\"height:30px\" aria-hidden=\"true\" class=\"wp-block-spacer\"><\/div>\n\n\n\n<figure class=\"wp-block-image alignfull size-large gt-remove-margin-bottom\"><img loading=\"lazy\" width=\"1024\" height=\"576\" src=\"https:\/\/www.fewo-windrose-schoenbergerstrand.de\/wp-content\/uploads\/2022\/05\/20220506_121445-1024x576.jpg\" alt=\"\" class=\"wp-image-1785\" srcset=\"https:\/\/www.fewo-windrose-schoenbergerstrand.de\/wp-content\/uploads\/2022\/05\/20220506_121445-1024x576.jpg 1024w, https:\/\/www.fewo-windrose-schoenbergerstrand.de\/wp-content\/uploads\/2022\/05\/20220506_121445-300x169.jpg 300w, https:\/\/www.fewo-windrose-schoenbergerstrand.de\/wp-content\/uploads\/2022\/05\/20220506_121445-768x432.jpg 768w, https:\/\/www.fewo-windrose-schoenbergerstrand.de\/wp-content\/uploads\/2022\/05\/20220506_121445-1536x864.jpg 1536w, https:\/\/www.fewo-windrose-schoenbergerstrand.de\/wp-content\/uploads\/2022\/05\/20220506_121445-2048x1152.jpg 2048w\" sizes=\"(max-width: 1024px) 100vw, 1024px\" \/><\/figure>\n\n\n\n<div style=\"height:30px\" aria-hidden=\"true\" class=\"wp-block-spacer\"><\/div>\n\n\n\n<p class=\"has-text-align-center has-text-color has-small-font-size\" style=\"color:#18344c;line-height:.9\"><strong>IMPRESSIONEN<\/strong><\/p>\n\n\n\n<h2 class=\"has-text-align-center has-text-color\" id=\"schedule-a-visit\" style=\"color:#80abc4;font-size:30px;line-height:1.15\">Hereinspaziert<\/h2>\n\n\n\n<div style=\"height:30px\" aria-hidden=\"true\" class=\"wp-block-spacer\"><\/div>\n\n\n\n<figure class=\"wp-block-image size-large gt-remove-margin-bottom\"><img loading=\"lazy\" width=\"1024\" height=\"576\" src=\"https:\/\/www.fewo-windrose-schoenbergerstrand.de\/wp-content\/uploads\/2022\/05\/20220505_173518-1024x576.jpg\" alt=\"\" class=\"wp-image-1774\" srcset=\"https:\/\/www.fewo-windrose-schoenbergerstrand.de\/wp-content\/uploads\/2022\/05\/20220505_173518-1024x576.jpg 1024w, https:\/\/www.fewo-windrose-schoenbergerstrand.de\/wp-content\/uploads\/2022\/05\/20220505_173518-300x169.jpg 300w, https:\/\/www.fewo-windrose-schoenbergerstrand.de\/wp-content\/uploads\/2022\/05\/20220505_173518-768x432.jpg 768w, https:\/\/www.fewo-windrose-schoenbergerstrand.de\/wp-content\/uploads\/2022\/05\/20220505_173518-1536x864.jpg 1536w, https:\/\/www.fewo-windrose-schoenbergerstrand.de\/wp-content\/uploads\/2022\/05\/20220505_173518-2048x1152.jpg 2048w\" sizes=\"(max-width: 1024px) 100vw, 1024px\" \/><\/figure>\n\n\n\n<figure class=\"wp-block-image size-large gt-remove-margin-bottom\"><img loading=\"lazy\" width=\"1024\" height=\"576\" src=\"https:\/\/www.fewo-windrose-schoenbergerstrand.de\/wp-content\/uploads\/2022\/05\/20220505_172927-1024x576.jpg\" alt=\"\" class=\"wp-image-1773\" srcset=\"https:\/\/www.fewo-windrose-schoenbergerstrand.de\/wp-content\/uploads\/2022\/05\/20220505_172927-1024x576.jpg 1024w, https:\/\/www.fewo-windrose-schoenbergerstrand.de\/wp-content\/uploads\/2022\/05\/20220505_172927-300x169.jpg 300w, https:\/\/www.fewo-windrose-schoenbergerstrand.de\/wp-content\/uploads\/2022\/05\/20220505_172927-768x432.jpg 768w, https:\/\/www.fewo-windrose-schoenbergerstrand.de\/wp-content\/uploads\/2022\/05\/20220505_172927-1536x864.jpg 1536w, https:\/\/www.fewo-windrose-schoenbergerstrand.de\/wp-content\/uploads\/2022\/05\/20220505_172927-2048x1152.jpg 2048w\" sizes=\"(max-width: 1024px) 100vw, 1024px\" \/><\/figure>\n\n\n\n<figure class=\"wp-block-image size-large gt-remove-margin-bottom\"><img loading=\"lazy\" width=\"1024\" height=\"576\" src=\"https:\/\/www.fewo-windrose-schoenbergerstrand.de\/wp-content\/uploads\/2022\/05\/20220504_181932-1024x576.jpg\" alt=\"\" class=\"wp-image-1769\" srcset=\"https:\/\/www.fewo-windrose-schoenbergerstrand.de\/wp-content\/uploads\/2022\/05\/20220504_181932-1024x576.jpg 1024w, https:\/\/www.fewo-windrose-schoenbergerstrand.de\/wp-content\/uploads\/2022\/05\/20220504_181932-300x169.jpg 300w, https:\/\/www.fewo-windrose-schoenbergerstrand.de\/wp-content\/uploads\/2022\/05\/20220504_181932-768x432.jpg 768w, https:\/\/www.fewo-windrose-schoenbergerstrand.de\/wp-content\/uploads\/2022\/05\/20220504_181932-1536x864.jpg 1536w, https:\/\/www.fewo-windrose-schoenbergerstrand.de\/wp-content\/uploads\/2022\/05\/20220504_181932-2048x1152.jpg 2048w\" sizes=\"(max-width: 1024px) 100vw, 1024px\" \/><\/figure>\n\n\n\n<figure class=\"wp-block-image size-large is-style-default gt-remove-margin-bottom\"><img loading=\"lazy\" width=\"1024\" height=\"576\" src=\"https:\/\/www.fewo-windrose-schoenbergerstrand.de\/wp-content\/uploads\/2023\/01\/20221014_111012-1024x576.jpg\" alt=\"\" class=\"wp-image-2980\" srcset=\"https:\/\/www.fewo-windrose-schoenbergerstrand.de\/wp-content\/uploads\/2023\/01\/20221014_111012-1024x576.jpg 1024w, https:\/\/www.fewo-windrose-schoenbergerstrand.de\/wp-content\/uploads\/2023\/01\/20221014_111012-300x169.jpg 300w, https:\/\/www.fewo-windrose-schoenbergerstrand.de\/wp-content\/uploads\/2023\/01\/20221014_111012-768x432.jpg 768w, https:\/\/www.fewo-windrose-schoenbergerstrand.de\/wp-content\/uploads\/2023\/01\/20221014_111012-1536x864.jpg 1536w, https:\/\/www.fewo-windrose-schoenbergerstrand.de\/wp-content\/uploads\/2023\/01\/20221014_111012-2048x1152.jpg 2048w\" sizes=\"(max-width: 1024px) 100vw, 1024px\" \/><\/figure>\n\n\n\n<figure class=\"wp-block-image size-large gt-remove-margin-bottom\"><img loading=\"lazy\" width=\"1024\" height=\"576\" src=\"https:\/\/www.fewo-windrose-schoenbergerstrand.de\/wp-content\/uploads\/2022\/05\/20220505_180208-1024x576.jpg\" alt=\"\" class=\"wp-image-1779\" srcset=\"https:\/\/www.fewo-windrose-schoenbergerstrand.de\/wp-content\/uploads\/2022\/05\/20220505_180208-1024x576.jpg 1024w, https:\/\/www.fewo-windrose-schoenbergerstrand.de\/wp-content\/uploads\/2022\/05\/20220505_180208-300x169.jpg 300w, https:\/\/www.fewo-windrose-schoenbergerstrand.de\/wp-content\/uploads\/2022\/05\/20220505_180208-768x432.jpg 768w, https:\/\/www.fewo-windrose-schoenbergerstrand.de\/wp-content\/uploads\/2022\/05\/20220505_180208-1536x864.jpg 1536w, https:\/\/www.fewo-windrose-schoenbergerstrand.de\/wp-content\/uploads\/2022\/05\/20220505_180208-2048x1152.jpg 2048w\" sizes=\"(max-width: 1024px) 100vw, 1024px\" \/><\/figure>\n\n\n\n<figure class=\"wp-block-image size-large gt-remove-margin-bottom\"><img loading=\"lazy\" width=\"1024\" height=\"576\" src=\"https:\/\/www.fewo-windrose-schoenbergerstrand.de\/wp-content\/uploads\/2022\/05\/20220506_112737-1-1024x576.jpg\" alt=\"\" class=\"wp-image-1782\" srcset=\"https:\/\/www.fewo-windrose-schoenbergerstrand.de\/wp-content\/uploads\/2022\/05\/20220506_112737-1-1024x576.jpg 1024w, https:\/\/www.fewo-windrose-schoenbergerstrand.de\/wp-content\/uploads\/2022\/05\/20220506_112737-1-300x169.jpg 300w, https:\/\/www.fewo-windrose-schoenbergerstrand.de\/wp-content\/uploads\/2022\/05\/20220506_112737-1-768x432.jpg 768w, https:\/\/www.fewo-windrose-schoenbergerstrand.de\/wp-content\/uploads\/2022\/05\/20220506_112737-1-1536x864.jpg 1536w, https:\/\/www.fewo-windrose-schoenbergerstrand.de\/wp-content\/uploads\/2022\/05\/20220506_112737-1-2048x1152.jpg 2048w\" sizes=\"(max-width: 1024px) 100vw, 1024px\" \/><\/figure>\n\n\n\n<figure class=\"wp-block-image size-large gt-remove-margin-bottom\"><img loading=\"lazy\" width=\"1024\" height=\"576\" src=\"https:\/\/www.fewo-windrose-schoenbergerstrand.de\/wp-content\/uploads\/2022\/05\/20220506_113342-1024x576.jpg\" alt=\"\" class=\"wp-image-1799\" srcset=\"https:\/\/www.fewo-windrose-schoenbergerstrand.de\/wp-content\/uploads\/2022\/05\/20220506_113342-1024x576.jpg 1024w, https:\/\/www.fewo-windrose-schoenbergerstrand.de\/wp-content\/uploads\/2022\/05\/20220506_113342-300x169.jpg 300w, https:\/\/www.fewo-windrose-schoenbergerstrand.de\/wp-content\/uploads\/2022\/05\/20220506_113342-768x432.jpg 768w, https:\/\/www.fewo-windrose-schoenbergerstrand.de\/wp-content\/uploads\/2022\/05\/20220506_113342-1536x864.jpg 1536w, https:\/\/www.fewo-windrose-schoenbergerstrand.de\/wp-content\/uploads\/2022\/05\/20220506_113342-2048x1152.jpg 2048w\" sizes=\"(max-width: 1024px) 100vw, 1024px\" \/><\/figure>\n\n\n\n<div style=\"height:30px\" aria-hidden=\"true\" class=\"wp-block-spacer\"><\/div>\n\n\n\n<figure class=\"wp-block-image alignfull size-large gt-remove-margin-bottom\"><img loading=\"lazy\" width=\"1024\" height=\"576\" src=\"https:\/\/www.fewo-windrose-schoenbergerstrand.de\/wp-content\/uploads\/2022\/05\/20220505_193655-1024x576.jpg\" alt=\"\" class=\"wp-image-1809\" srcset=\"https:\/\/www.fewo-windrose-schoenbergerstrand.de\/wp-content\/uploads\/2022\/05\/20220505_193655-1024x576.jpg 1024w, https:\/\/www.fewo-windrose-schoenbergerstrand.de\/wp-content\/uploads\/2022\/05\/20220505_193655-300x169.jpg 300w, https:\/\/www.fewo-windrose-schoenbergerstrand.de\/wp-content\/uploads\/2022\/05\/20220505_193655-768x432.jpg 768w, https:\/\/www.fewo-windrose-schoenbergerstrand.de\/wp-content\/uploads\/2022\/05\/20220505_193655-1536x864.jpg 1536w, https:\/\/www.fewo-windrose-schoenbergerstrand.de\/wp-content\/uploads\/2022\/05\/20220505_193655-2048x1152.jpg 2048w\" sizes=\"(max-width: 1024px) 100vw, 1024px\" \/><\/figure>\n\n\n\n<h2 class=\"has-text-align-center has-text-color\" style=\"color:#80abc4;font-size:30px\">Hinauf ins Dachgeschoss<\/h2>\n\n\n\n<div style=\"height:31px\" aria-hidden=\"true\" class=\"wp-block-spacer\"><\/div>\n\n\n\n<figure class=\"wp-block-image size-large gt-remove-margin-bottom\"><img loading=\"lazy\" width=\"1024\" height=\"576\" src=\"https:\/\/www.fewo-windrose-schoenbergerstrand.de\/wp-content\/uploads\/2022\/05\/20220505_192237-1-1024x576.jpg\" alt=\"\" class=\"wp-image-1806\" srcset=\"https:\/\/www.fewo-windrose-schoenbergerstrand.de\/wp-content\/uploads\/2022\/05\/20220505_192237-1-1024x576.jpg 1024w, https:\/\/www.fewo-windrose-schoenbergerstrand.de\/wp-content\/uploads\/2022\/05\/20220505_192237-1-300x169.jpg 300w, https:\/\/www.fewo-windrose-schoenbergerstrand.de\/wp-content\/uploads\/2022\/05\/20220505_192237-1-768x432.jpg 768w, https:\/\/www.fewo-windrose-schoenbergerstrand.de\/wp-content\/uploads\/2022\/05\/20220505_192237-1-1536x864.jpg 1536w, https:\/\/www.fewo-windrose-schoenbergerstrand.de\/wp-content\/uploads\/2022\/05\/20220505_192237-1-2048x1152.jpg 2048w\" sizes=\"(max-width: 1024px) 100vw, 1024px\" \/><\/figure>\n\n\n\n<figure class=\"wp-block-image size-large gt-remove-margin-bottom\"><img loading=\"lazy\" width=\"1024\" height=\"590\" src=\"https:\/\/www.fewo-windrose-schoenbergerstrand.de\/wp-content\/uploads\/2022\/05\/20220504_145529-1024x590.jpg\" alt=\"\" class=\"wp-image-1768\" srcset=\"https:\/\/www.fewo-windrose-schoenbergerstrand.de\/wp-content\/uploads\/2022\/05\/20220504_145529-1024x590.jpg 1024w, https:\/\/www.fewo-windrose-schoenbergerstrand.de\/wp-content\/uploads\/2022\/05\/20220504_145529-300x173.jpg 300w, https:\/\/www.fewo-windrose-schoenbergerstrand.de\/wp-content\/uploads\/2022\/05\/20220504_145529-768x443.jpg 768w, https:\/\/www.fewo-windrose-schoenbergerstrand.de\/wp-content\/uploads\/2022\/05\/20220504_145529-1536x886.jpg 1536w, https:\/\/www.fewo-windrose-schoenbergerstrand.de\/wp-content\/uploads\/2022\/05\/20220504_145529-2048x1181.jpg 2048w\" sizes=\"(max-width: 1024px) 100vw, 1024px\" \/><\/figure>\n\n\n\n<figure class=\"wp-block-image size-large gt-remove-margin-bottom\"><img loading=\"lazy\" width=\"1024\" height=\"576\" src=\"https:\/\/www.fewo-windrose-schoenbergerstrand.de\/wp-content\/uploads\/2022\/05\/20220504_231328-1024x576.jpg\" alt=\"\" class=\"wp-image-1772\" srcset=\"https:\/\/www.fewo-windrose-schoenbergerstrand.de\/wp-content\/uploads\/2022\/05\/20220504_231328-1024x576.jpg 1024w, https:\/\/www.fewo-windrose-schoenbergerstrand.de\/wp-content\/uploads\/2022\/05\/20220504_231328-300x169.jpg 300w, https:\/\/www.fewo-windrose-schoenbergerstrand.de\/wp-content\/uploads\/2022\/05\/20220504_231328-768x432.jpg 768w, https:\/\/www.fewo-windrose-schoenbergerstrand.de\/wp-content\/uploads\/2022\/05\/20220504_231328-1536x864.jpg 1536w, https:\/\/www.fewo-windrose-schoenbergerstrand.de\/wp-content\/uploads\/2022\/05\/20220504_231328-2048x1152.jpg 2048w\" sizes=\"(max-width: 1024px) 100vw, 1024px\" \/><\/figure>\n\n\n\n<figure class=\"wp-block-image size-large gt-remove-margin-bottom\"><img loading=\"lazy\" width=\"1024\" height=\"575\" src=\"https:\/\/www.fewo-windrose-schoenbergerstrand.de\/wp-content\/uploads\/2022\/05\/20220504_230854-1024x575.jpg\" alt=\"\" class=\"wp-image-1771\" srcset=\"https:\/\/www.fewo-windrose-schoenbergerstrand.de\/wp-content\/uploads\/2022\/05\/20220504_230854-1024x575.jpg 1024w, https:\/\/www.fewo-windrose-schoenbergerstrand.de\/wp-content\/uploads\/2022\/05\/20220504_230854-300x168.jpg 300w, https:\/\/www.fewo-windrose-schoenbergerstrand.de\/wp-content\/uploads\/2022\/05\/20220504_230854-768x431.jpg 768w, https:\/\/www.fewo-windrose-schoenbergerstrand.de\/wp-content\/uploads\/2022\/05\/20220504_230854-1536x862.jpg 1536w, https:\/\/www.fewo-windrose-schoenbergerstrand.de\/wp-content\/uploads\/2022\/05\/20220504_230854-2048x1150.jpg 2048w\" sizes=\"(max-width: 1024px) 100vw, 1024px\" \/><\/figure>\n\n\n\n<figure class=\"wp-block-image size-large gt-remove-margin-bottom\"><img loading=\"lazy\" width=\"1024\" height=\"576\" src=\"https:\/\/www.fewo-windrose-schoenbergerstrand.de\/wp-content\/uploads\/2022\/05\/20220504_182930-1024x576.jpg\" alt=\"\" class=\"wp-image-1770\" srcset=\"https:\/\/www.fewo-windrose-schoenbergerstrand.de\/wp-content\/uploads\/2022\/05\/20220504_182930-1024x576.jpg 1024w, https:\/\/www.fewo-windrose-schoenbergerstrand.de\/wp-content\/uploads\/2022\/05\/20220504_182930-300x169.jpg 300w, https:\/\/www.fewo-windrose-schoenbergerstrand.de\/wp-content\/uploads\/2022\/05\/20220504_182930-768x432.jpg 768w, https:\/\/www.fewo-windrose-schoenbergerstrand.de\/wp-content\/uploads\/2022\/05\/20220504_182930-1536x864.jpg 1536w, https:\/\/www.fewo-windrose-schoenbergerstrand.de\/wp-content\/uploads\/2022\/05\/20220504_182930-2048x1152.jpg 2048w\" sizes=\"(max-width: 1024px) 100vw, 1024px\" \/><\/figure>\n\n\n\n<div style=\"height:64px\" aria-hidden=\"true\" class=\"wp-block-spacer\"><\/div>\n","protected":false},"excerpt":{"rendered":"<p>UNTERKUNFT Ihre eigenen vier Urlaubsw\u00e4nde Unsere moderne, gem\u00fctliche und im maritimen Stil eingerichtete Ferienwohnung\u00a0liegt im 1. OG einer kleinen Wohnanlage. Die Wohnung ist in sich in zwei Ebenen unterteilt. Im unteren Bereich verf\u00fcgt sie \u00fcber einen Wohn- und Essbereich mit integrierter K\u00fcche, einem separaten Schlafzimmer sowie einem Duschbad. Der Balkon ist nach S\u00fcden ausgerichtet. \u00dcber [&hellip;]<\/p>\n","protected":false},"author":1,"featured_media":0,"parent":0,"menu_order":0,"comment_status":"closed","ping_status":"closed","template":"template-gutenberg.php","meta":{"gt_page_layout":"","gt_hide_page_title":true,"gt_remove_bottom_margin":false},"_links":{"self":[{"href":"https:\/\/www.fewo-windrose-schoenbergerstrand.de\/index.php?rest_route=\/wp\/v2\/pages\/155"}],"collection":[{"href":"https:\/\/www.fewo-windrose-schoenbergerstrand.de\/index.php?rest_route=\/wp\/v2\/pages"}],"about":[{"href":"https:\/\/www.fewo-windrose-schoenbergerstrand.de\/index.php?rest_route=\/wp\/v2\/types\/page"}],"author":[{"embeddable":true,"href":"https:\/\/www.fewo-windrose-schoenbergerstrand.de\/index.php?rest_route=\/wp\/v2\/users\/1"}],"replies":[{"embeddable":true,"href":"https:\/\/www.fewo-windrose-schoenbergerstrand.de\/index.php?rest_route=%2Fwp%2Fv2%2Fcomments&post=155"}],"version-history":[{"count":365,"href":"https:\/\/www.fewo-windrose-schoenbergerstrand.de\/index.php?rest_route=\/wp\/v2\/pages\/155\/revisions"}],"predecessor-version":[{"id":3016,"href":"https:\/\/www.fewo-windrose-schoenbergerstrand.de\/index.php?rest_route=\/wp\/v2\/pages\/155\/revisions\/3016"}],"wp:attachment":[{"href":"https:\/\/www.fewo-windrose-schoenbergerstrand.de\/index.php?rest_route=%2Fwp%2Fv2%2Fmedia&parent=155"}],"curies":[{"name":"wp","href":"https:\/\/api.w.org\/{rel}","templated":true}]}}