{"id":185,"date":"2021-03-04T19:49:59","date_gmt":"2021-03-04T19:49:59","guid":{"rendered":"https:\/\/h136286.web172.dogado.net\/?page_id=185"},"modified":"2026-01-17T11:21:59","modified_gmt":"2026-01-17T11:21:59","slug":"preise-verfuegbarkeit","status":"publish","type":"page","link":"https:\/\/www.fewo-windrose-schoenbergerstrand.de\/?page_id=185","title":{"rendered":"Preise und Verf\u00fcgbarkeit"},"content":{"rendered":"\n<div class=\"wp-block-nextend-smartslider3\"><\/div>\n\n\n\n<div style=\"height:64px\" aria-hidden=\"true\" class=\"wp-block-spacer\"><\/div>\n\n\n\n<p class=\"has-text-align-center has-text-color has-small-font-size\" style=\"color:#18344c;line-height:.9\"><strong>PREISE<\/strong><\/p>\n\n\n\n<h2 class=\"has-text-align-center has-text-color\" id=\"schedule-a-visit\" style=\"color:#80abc4;font-size:30px;line-height:1.15\"><strong>Saisonzeiten und Kosten<\/strong><\/h2>\n\n\n\n<p class=\"has-text-align-center has-text-color\" style=\"color:#18344c\">In der Zeit vom 03.07.2026 &#8211; 28.08.2026 vermieten wir unsere Wohnung wochenweise von<strong> Freitag<\/strong> zu <strong>Freitag<\/strong>. In den \u00fcbrigen Reisezeiten haben wir einen Mindestaufenthalt von 3 N\u00e4chten.<\/p>\n\n\n\n<div style=\"height:20px\" aria-hidden=\"true\" class=\"wp-block-spacer\"><\/div>\n\n\n\n<div class=\"block\"><center><img src=\"https:\/\/www.fewo-windrose-schoenbergerstrand.de\/wp-content\/uploads\/2022\/05\/schneeflocke-2.png\" alt=\"Eiskristall\" width=\"40\" heigth=\"40\"><br><strong>EISZEIT<\/strong><br>02.01. &#8211; 20.03.2026<br><br>3 N\u00e4chte\/Mindestmietdauer<br><strong>295,00 \u20ac<\/strong><br>jede weitere Nacht<br><strong>60,00 \u20ac<\/strong><br><\/center><\/div>\n<div class=\"block\"><center><img src=\"https:\/\/www.fewo-windrose-schoenbergerstrand.de\/wp-content\/uploads\/2022\/05\/schmetterlinge.png\" alt=\"Schmetterlinge\" width=\"40\" heigth=\"40\"><br><strong>FR\u00dcHLING<\/strong><br>20.03. &#8211; 19.06.2026<br><br>3 N\u00e4chte\/Mindestmietdauer<br><strong>340,00 \u20ac<\/strong><br>jede weitere Nacht<br><strong>75,00 \u20ac<\/strong><\/center><\/div>\n<!-- <div class=\"block\"><center><img src=\"https:\/\/www.fewo-windrose-schoenbergerstrand.de\/wp-content\/uploads\/2022\/05\/sonne.png\" alt=\"Sonne\" width=\"40\" heigth=\"40\"><br><strong>SOMMERERWACHEN<\/strong><br>30.05. - 20.06.2025<br><br>3 N\u00e4chte\/Mindestmietdauer<br><strong>317,00 \u20ac<\/strong><br>jede weitere Nacht<br><strong>74,00 \u20ac<\/strong><\/center><\/div> -->\n<div class=\"block\"><center><img src=\"https:\/\/www.fewo-windrose-schoenbergerstrand.de\/wp-content\/uploads\/2022\/05\/sonne.png\" alt=\"Sonne\" width=\"40\" heigth=\"40\"><br><strong>FR\u00dcHSOMMER<\/strong><br>19.06. &#8211; 03.07.2026<br><br>3 N\u00e4chte\/Mindestmietdauer<br><strong>370,00 \u20ac<\/strong><br>jede weitere Nacht<br><strong>85,00 \u20ac<\/strong><\/center><\/div>\n<div class=\"block\"><center><img src=\"https:\/\/www.fewo-windrose-schoenbergerstrand.de\/wp-content\/uploads\/2022\/05\/sonnig.png\" alt=\"Sonne\" width=\"40\" heigth=\"40\"><br><strong>SOMMER<\/strong>\n<br>03.07. &#8211; 28.08.2026<br><br>7 N\u00e4chte\/Mindestmietdauer<br><strong>850,00 \u20ac<\/strong><br>jede weitere Nacht<br><strong>105,00 \u20ac<\/strong><\/center><\/div>\n<div class=\"block\"><center><img src=\"https:\/\/www.fewo-windrose-schoenbergerstrand.de\/wp-content\/uploads\/2022\/05\/sonne.png\" alt=\"Sonne\" width=\"40\" heigth=\"40\"><br><strong>SP\u00c4TSOMMER<\/strong><br>28.08. &#8211; 18.09.2026<br><br>3 N\u00e4chte\/Mindestmietdauer<br><strong>340,00 \u20ac<\/strong><br>jede weitere Nacht<br><strong>75,00 \u20ac<\/strong><\/center><\/div>\n<div class=\"block\"><center><img src=\"https:\/\/www.fewo-windrose-schoenbergerstrand.de\/wp-content\/uploads\/2022\/05\/ahornblatt.png\" alt=\"Ahornblatt\" width=\"40\" heigth=\"40\"><br><strong>OSTSEEHERBST<\/strong><br>18.09. &#8211; 23.10.2026<br><br>3 N\u00e4chte\/Mindestmietdauer<br><strong>310,00 \u20ac<\/strong><br>jede weitere Nacht<br><strong>65,00 \u20ac<\/strong><\/center><\/div>\n<div class=\"block\"><center><img src=\"https:\/\/www.fewo-windrose-schoenbergerstrand.de\/wp-content\/uploads\/2022\/05\/schneeflocke-1.png\" alt=\"Eiskristall\" width=\"40\" heigth=\"40\"><br><strong>WINTERZEIT<\/strong><br>23.10. &#8211; 18.12.2026<br><br>3 N\u00e4chte\/Mindestmietdauer<br><strong>295,00 \u20ac<\/strong><br>jede weitere Nacht<br><strong>60,00 \u20ac<\/strong><\/center><\/div>\n<div class=\"block\"><center><img src=\"https:\/\/www.fewo-windrose-schoenbergerstrand.de\/wp-content\/uploads\/2022\/05\/champagner.png\" alt=\"Sektgl\u00e4ser\" width=\"40\" heigth=\"40\"><br><strong>WEIHNACHTEN\/SILVESTER<\/strong><br>18.12.2026 &#8211; 01.01.2027<br><br>3 N\u00e4chte\/Mindestmietdauer<br><strong>340,00 \u20ac<\/strong><br>jede weitere Nacht<br><strong>75,00 \u20ac<\/strong><\/center><\/div>\n\n\n\n<div style=\"height:27px\" aria-hidden=\"true\" class=\"wp-block-spacer\"><\/div>\n\n\n\n<p>Alle Preise gelten f\u00fcr max. 4 Personen inkl. Nebenkosten (Strom, Wasser, Heizung und Endreinigung). <\/p>\n\n\n\n<p class=\"has-text-color\" style=\"color:#18344c\"><strong>Sonstige Kosten:<\/strong> Im Preis nicht enthalten ist die <a href=\"https:\/\/www.schoenbergerstrand.com\/a-bis-z\/kurtaxe-kurabgabe\/ostseecard-schoenbergerstrand.html\">orts\u00fcbliche Kurabgabe<\/a>.<\/p>\n\n\n\n<p class=\"has-text-color\" style=\"color:#18344c\"><strong>Optionale Kosten:<\/strong> Auf Wunsch k\u00f6nnen Sie ein W\u00e4schepaket dazu buchen. Bettw\u00e4sche (auf Bestellung 17,00 \u20ac\/Person), Handt\u00fccher (auf Bestellung 9,00 \u20ac\/Person).   <\/p>\n\n\n\n<div style=\"height:64px\" aria-hidden=\"true\" class=\"wp-block-spacer\"><\/div>\n\n\n\n<p class=\"has-text-align-center has-text-color has-small-font-size\" id=\"visit-belegungsplan\" style=\"color:#18344c;line-height:.9\"><strong>VERF\u00dcGBARKEIT<\/strong><\/p>\n\n\n\n<h2 class=\"has-text-align-center has-text-color\" style=\"color:#80abc4;font-size:30px;line-height:1.15\"><strong>Belegungsplan<\/strong><\/h2>\n\n\n\n<p><\/p>\n\n\n\n<div id=\"Verfuegbarkeitpruefen\" class=\"wp-container-1 wp-block-group\"><div class=\"wp-block-group__inner-container\">\n<iframe width=\"100%\" height=\"450\" frameborder=\"0\" loading=\"lazy\" referrerpolicy=\"no-referrer-when-downgrade\" src=\"https:\/\/api.belegungskalender-kostenlos.de\/kalender.php?kid=46666\" title=\"Belegungskalender\"><p>Ihr Browser kann den Kalender leider nicht direkt anzeigen, klicken Sie bitte <b><a href=\"https:\/\/api.belegungskalender-kostenlos.de\/kalender.php?kid=46666\">hier<\/a><\/b><\/p><\/iframe><br><span style=\"font-size:9px;\"><a href=\"https:\/\/www.belegungskalender-kostenlos.de\/\" rel=\"nofollow\" style=\"font-size:9px;\">Kalender f\u00fcr Ferienwohnung<\/a><\/span>\n<\/div><\/div>\n\n\n\n<div style=\"height:30px\" aria-hidden=\"true\" class=\"wp-block-spacer\"><\/div>\n\n\n\n<div class=\"wp-container-3 wp-block-group alignfull has-text-color has-background\" style=\"background-color:#ffffff;color:#000000\"><div class=\"wp-block-group__inner-container\">\n<p class=\"has-text-align-center has-text-color has-small-font-size\" style=\"color:#18344c;line-height:.9\"><strong>KONTAKT<\/strong><\/p>\n\n\n\n<h2 class=\"has-text-align-center has-text-color\" id=\"schedule-a-visit\" style=\"color:#80abc4;font-size:30px;line-height:1.15\"><strong>Buchen Sie noch heute Ihren n\u00e4chsten Urlaub.<\/strong><\/h2>\n\n\n\n<div class=\"wp-container-2 wp-block-buttons\">\n<div class=\"wp-block-button has-custom-width wp-block-button__width-75\"><a class=\"wp-block-button__link has-text-color has-background\" href=\"https:\/\/www.fewo-windrose-schoenbergerstrand.de\/?page_id=990\" style=\"border-radius:50px;background-color:#80abc4;color:#ffffff\">BUCHUNGSANFRAGE<\/a><\/div>\n<\/div>\n\n\n\n<div style=\"height:20px\" aria-hidden=\"true\" class=\"wp-block-spacer\"><\/div>\n<\/div><\/div>\n\n\n\n<div style=\"height:30px\" aria-hidden=\"true\" class=\"wp-block-spacer\"><\/div>\n","protected":false},"excerpt":{"rendered":"<p>PREISE Saisonzeiten und Kosten In der Zeit vom 03.07.2026 &#8211; 28.08.2026 vermieten wir unsere Wohnung wochenweise von Freitag zu Freitag. In den \u00fcbrigen Reisezeiten haben wir einen Mindestaufenthalt von 3 N\u00e4chten. EISZEIT02.01. &#8211; 20.03.2026 3 N\u00e4chte\/Mindestmietdauer295,00 \u20acjede weitere Nacht60,00 \u20ac FR\u00dcHLING20.03. &#8211; 19.06.2026 3 N\u00e4chte\/Mindestmietdauer340,00 \u20acjede weitere Nacht75,00 \u20ac FR\u00dcHSOMMER19.06. &#8211; 03.07.2026 3 N\u00e4chte\/Mindestmietdauer370,00 \u20acjede [&hellip;]<\/p>\n","protected":false},"author":1,"featured_media":0,"parent":0,"menu_order":0,"comment_status":"closed","ping_status":"closed","template":"template-gutenberg.php","meta":{"gt_page_layout":"","gt_hide_page_title":true,"gt_remove_bottom_margin":false},"_links":{"self":[{"href":"https:\/\/www.fewo-windrose-schoenbergerstrand.de\/index.php?rest_route=\/wp\/v2\/pages\/185"}],"collection":[{"href":"https:\/\/www.fewo-windrose-schoenbergerstrand.de\/index.php?rest_route=\/wp\/v2\/pages"}],"about":[{"href":"https:\/\/www.fewo-windrose-schoenbergerstrand.de\/index.php?rest_route=\/wp\/v2\/types\/page"}],"author":[{"embeddable":true,"href":"https:\/\/www.fewo-windrose-schoenbergerstrand.de\/index.php?rest_route=\/wp\/v2\/users\/1"}],"replies":[{"embeddable":true,"href":"https:\/\/www.fewo-windrose-schoenbergerstrand.de\/index.php?rest_route=%2Fwp%2Fv2%2Fcomments&post=185"}],"version-history":[{"count":150,"href":"https:\/\/www.fewo-windrose-schoenbergerstrand.de\/index.php?rest_route=\/wp\/v2\/pages\/185\/revisions"}],"predecessor-version":[{"id":3030,"href":"https:\/\/www.fewo-windrose-schoenbergerstrand.de\/index.php?rest_route=\/wp\/v2\/pages\/185\/revisions\/3030"}],"wp:attachment":[{"href":"https:\/\/www.fewo-windrose-schoenbergerstrand.de\/index.php?rest_route=%2Fwp%2Fv2%2Fmedia&parent=185"}],"curies":[{"name":"wp","href":"https:\/\/api.w.org\/{rel}","templated":true}]}}