{"id":2471,"date":"2022-06-24T19:06:34","date_gmt":"2022-06-24T19:06:34","guid":{"rendered":"https:\/\/www.fewo-windrose-schoenbergerstrand.de\/?page_id=2471"},"modified":"2025-06-15T12:39:01","modified_gmt":"2025-06-15T12:39:01","slug":"anfahrt","status":"publish","type":"page","link":"https:\/\/www.fewo-windrose-schoenbergerstrand.de\/?page_id=2471","title":{"rendered":"Anfahrt"},"content":{"rendered":"\n<div style=\"height:60px\" aria-hidden=\"true\" class=\"wp-block-spacer\"><\/div>\n\n\n\n<p class=\"has-text-align-center has-text-color has-small-font-size\" style=\"color:#18344c;line-height:.9\"><strong>ANFAHRT<\/strong><\/p>\n\n\n\n<h2 class=\"has-text-align-center has-text-color\" id=\"schedule-a-visit\" style=\"color:#80abc4;font-size:30px;line-height:1.15\">Anreise mit dem PKW<\/h2>\n\n\n\n<p class=\"has-text-align-center has-text-color\" style=\"color:#18344c\">Von Hamburg kommend \u00fcber die A7, an der Ausfahrt Bordesholm auf die A215 wechseln. Kurz vor Ende der Autobahn auf die B76 Richtung L\u00fcbeck\/Ostufer und nach wenigen Minuten dann auf die B502 Richtung Laboe\/Sch\u00f6nberg. Nach ca. 20 Minuten Fahrt am Kreisel Richtung Sch\u00f6nberger Strand bis zur Museumsbahn. Dort links in den Korshagener Redder abbiegen und die f\u00fcnfte Stra\u00dfe rechts in den Wiesenweg einbiegen. Am Ende links und vor dem Wendehammer links auf den Parkplatz fahren.<\/p>\n\n\n\n<div style=\"height:30px\" aria-hidden=\"true\" class=\"wp-block-spacer\"><\/div>\n\n\n\n<div class=\"wp-block-image is-style-default\"><figure class=\"aligncenter size-large\"><img loading=\"lazy\" width=\"556\" height=\"1024\" src=\"https:\/\/www.fewo-windrose-schoenbergerstrand.de\/wp-content\/uploads\/2022\/07\/20220709_2047151-556x1024.jpg\" alt=\"\" class=\"wp-image-2868\" srcset=\"https:\/\/www.fewo-windrose-schoenbergerstrand.de\/wp-content\/uploads\/2022\/07\/20220709_2047151-556x1024.jpg 556w, https:\/\/www.fewo-windrose-schoenbergerstrand.de\/wp-content\/uploads\/2022\/07\/20220709_2047151-163x300.jpg 163w, https:\/\/www.fewo-windrose-schoenbergerstrand.de\/wp-content\/uploads\/2022\/07\/20220709_2047151-768x1416.jpg 768w, https:\/\/www.fewo-windrose-schoenbergerstrand.de\/wp-content\/uploads\/2022\/07\/20220709_2047151.jpg 778w\" sizes=\"(max-width: 556px) 100vw, 556px\" \/><\/figure><\/div>\n\n\n\n<div style=\"height:64px\" aria-hidden=\"true\" class=\"wp-block-spacer\"><\/div>\n\n\n\n<p><\/p>\n","protected":false},"excerpt":{"rendered":"<p>ANFAHRT Anreise mit dem PKW Von Hamburg kommend \u00fcber die A7, an der Ausfahrt Bordesholm auf die A215 wechseln. Kurz vor Ende der Autobahn auf die B76 Richtung L\u00fcbeck\/Ostufer und nach wenigen Minuten dann auf die B502 Richtung Laboe\/Sch\u00f6nberg. Nach ca. 20 Minuten Fahrt am Kreisel Richtung Sch\u00f6nberger Strand bis zur Museumsbahn. Dort links in [&hellip;]<\/p>\n","protected":false},"author":1,"featured_media":0,"parent":0,"menu_order":0,"comment_status":"closed","ping_status":"closed","template":"","meta":{"gt_page_layout":"","gt_hide_page_title":true,"gt_remove_bottom_margin":false},"_links":{"self":[{"href":"https:\/\/www.fewo-windrose-schoenbergerstrand.de\/index.php?rest_route=\/wp\/v2\/pages\/2471"}],"collection":[{"href":"https:\/\/www.fewo-windrose-schoenbergerstrand.de\/index.php?rest_route=\/wp\/v2\/pages"}],"about":[{"href":"https:\/\/www.fewo-windrose-schoenbergerstrand.de\/index.php?rest_route=\/wp\/v2\/types\/page"}],"author":[{"embeddable":true,"href":"https:\/\/www.fewo-windrose-schoenbergerstrand.de\/index.php?rest_route=\/wp\/v2\/users\/1"}],"replies":[{"embeddable":true,"href":"https:\/\/www.fewo-windrose-schoenbergerstrand.de\/index.php?rest_route=%2Fwp%2Fv2%2Fcomments&post=2471"}],"version-history":[{"count":11,"href":"https:\/\/www.fewo-windrose-schoenbergerstrand.de\/index.php?rest_route=\/wp\/v2\/pages\/2471\/revisions"}],"predecessor-version":[{"id":3024,"href":"https:\/\/www.fewo-windrose-schoenbergerstrand.de\/index.php?rest_route=\/wp\/v2\/pages\/2471\/revisions\/3024"}],"wp:attachment":[{"href":"https:\/\/www.fewo-windrose-schoenbergerstrand.de\/index.php?rest_route=%2Fwp%2Fv2%2Fmedia&parent=2471"}],"curies":[{"name":"wp","href":"https:\/\/api.w.org\/{rel}","templated":true}]}}