{"id":2913,"date":"2022-07-13T18:45:40","date_gmt":"2022-07-13T18:45:40","guid":{"rendered":"https:\/\/www.fewo-windrose-schoenbergerstrand.de\/?page_id=2913"},"modified":"2023-11-21T17:35:13","modified_gmt":"2023-11-21T17:35:13","slug":"mietbedingungen","status":"publish","type":"page","link":"https:\/\/www.fewo-windrose-schoenbergerstrand.de\/?page_id=2913","title":{"rendered":"Mietbedingungen"},"content":{"rendered":"\n<div style=\"height:30px\" aria-hidden=\"true\" class=\"wp-block-spacer\"><\/div>\n\n\n\n<h2 class=\"has-text-color\" style=\"color:#80abc4\">Mietbedingungen<\/h2>\n\n\n\n<p class=\"has-small-font-size\"><strong>An- und Abreise<\/strong><br>Die Anreise erfolgt zwischen 16:00 Uhr und 18:00 Uhr, nach Vereinbarung ist auch eine sp\u00e4tere Anreise m\u00f6glich. Am Tag der Abreise ist die Wohnung bis 10:00 Uhr ger\u00e4umt, besenrein und in einem ordnungsgem\u00e4\u00dfen Zustand (der Abfall ist entsorgt, der Geschirrsp\u00fcler ausger\u00e4umt) an den Hausmeisterservice zu \u00fcbergeben.<\/p>\n\n\n\n<p class=\"has-small-font-size\"><strong>Bezahlung<\/strong><br>Nach Zugang des Mietvertrages werden 20% des Gesamtmietpreises als Anzahlung f\u00e4llig. Die Restzahlung ist sp\u00e4testens 4 Wochen vor Reisebeginn und ohne nochmalige Aufforderung zu entrichten. Liegen zwischen dem Tag des Vertragsabschlusses und dem Tag des Mietbeginns weniger als 28 Tage, ist der gesamte Betrag nach Vertragsabschluss auf das Konto des Vermieters zu \u00fcberweisen.<\/p>\n\n\n\n<p class=\"has-small-font-size\"><strong>Stornierungsgeb\u00fchren<\/strong><br>Storniert der Mieter den Vertrag vor Mietbeginn, ohne einen Nachmieter zu benennen, sind als Entsch\u00e4digung folgende anteilige Mieten (ausschlie\u00dflich der Endreinigung) zu entrichten. <\/p>\n\n\n\n<ul class=\"has-small-font-size\"><li>bis 45 Tage vor Mietbeginn: 20% des Mietpreises<\/li><li>bis 28 Tage vor Mietbeginn: 50% des Mietpreises<\/li><li>bis 14 Tage vor Mietbeginn: 80% des Mietpreises<\/li><li>ansonsten (sp\u00e4ter als 14 Tage vor Mietbeginn): 90% des Mietpreises<\/li><\/ul>\n\n\n\n<p class=\"has-small-font-size\">Gleichwohl ist der Vermieter bem\u00fcht, das Mietobjekt anderweitig zu vermieten.<\/p>\n\n\n\n<p class=\"has-small-font-size\">Stornierungen m\u00fcssen schriftlich erfolgen. Ma\u00dfgeblich f\u00fcr die Stornierungsgeb\u00fchr ist der Tag des Zugangs der Erkl\u00e4rung beim Vermieter.<\/p>\n\n\n\n<div style=\"height:60px\" aria-hidden=\"true\" class=\"wp-block-spacer\"><\/div>\n","protected":false},"excerpt":{"rendered":"<p>Mietbedingungen An- und AbreiseDie Anreise erfolgt zwischen 16:00 Uhr und 18:00 Uhr, nach Vereinbarung ist auch eine sp\u00e4tere Anreise m\u00f6glich. Am Tag der Abreise ist die Wohnung bis 10:00 Uhr ger\u00e4umt, besenrein und in einem ordnungsgem\u00e4\u00dfen Zustand (der Abfall ist entsorgt, der Geschirrsp\u00fcler ausger\u00e4umt) an den Hausmeisterservice zu \u00fcbergeben. BezahlungNach Zugang des Mietvertrages werden 20% [&hellip;]<\/p>\n","protected":false},"author":1,"featured_media":0,"parent":0,"menu_order":0,"comment_status":"closed","ping_status":"closed","template":"","meta":{"gt_page_layout":"","gt_hide_page_title":true,"gt_remove_bottom_margin":false},"_links":{"self":[{"href":"https:\/\/www.fewo-windrose-schoenbergerstrand.de\/index.php?rest_route=\/wp\/v2\/pages\/2913"}],"collection":[{"href":"https:\/\/www.fewo-windrose-schoenbergerstrand.de\/index.php?rest_route=\/wp\/v2\/pages"}],"about":[{"href":"https:\/\/www.fewo-windrose-schoenbergerstrand.de\/index.php?rest_route=\/wp\/v2\/types\/page"}],"author":[{"embeddable":true,"href":"https:\/\/www.fewo-windrose-schoenbergerstrand.de\/index.php?rest_route=\/wp\/v2\/users\/1"}],"replies":[{"embeddable":true,"href":"https:\/\/www.fewo-windrose-schoenbergerstrand.de\/index.php?rest_route=%2Fwp%2Fv2%2Fcomments&post=2913"}],"version-history":[{"count":13,"href":"https:\/\/www.fewo-windrose-schoenbergerstrand.de\/index.php?rest_route=\/wp\/v2\/pages\/2913\/revisions"}],"predecessor-version":[{"id":2994,"href":"https:\/\/www.fewo-windrose-schoenbergerstrand.de\/index.php?rest_route=\/wp\/v2\/pages\/2913\/revisions\/2994"}],"wp:attachment":[{"href":"https:\/\/www.fewo-windrose-schoenbergerstrand.de\/index.php?rest_route=%2Fwp%2Fv2%2Fmedia&parent=2913"}],"curies":[{"name":"wp","href":"https:\/\/api.w.org\/{rel}","templated":true}]}}