{"id":988,"date":"2022-04-15T17:36:34","date_gmt":"2022-04-15T17:36:34","guid":{"rendered":"https:\/\/h136286.web172.dogado.net\/?page_id=988"},"modified":"2024-09-22T19:27:49","modified_gmt":"2024-09-22T19:27:49","slug":"impressum","status":"publish","type":"page","link":"https:\/\/www.fewo-windrose-schoenbergerstrand.de\/?page_id=988","title":{"rendered":"Impressum"},"content":{"rendered":"\n<div style=\"height:30px\" aria-hidden=\"true\" class=\"wp-block-spacer\"><\/div>\n\n\n\n<h2 class=\"has-text-color\" style=\"color:#80abc4\">Impressum<\/h2>\n\n\n\n<p><strong>Redaktion und verantwortlich f\u00fcr den Inhalt der Website<\/strong><br>Ute Bredemeyer<br>Kuhredder 12<br>22397 Hamburg<\/p>\n\n\n\n<p>Tel. (040) 947 967 52<br>Email: fewo.windrose@web.de<\/p>\n\n\n\n<p>Steuernummer: 50\/030\/01441<\/p>\n\n\n\n<p><strong>Streitschlichtung<\/strong><br>Die Europ\u00e4ische Kommission stellt eine Plattform zur Online-Streitbeilegung (OS) bereit: <a href=\"https:\/\/ec.europa.eu\/consumers\/odr\">https:\/\/ec.europa.eu\/consumers\/odr<\/a>.<\/p>\n\n\n\n<p><strong>Urheberrecht und Gew\u00e4hrleistung<\/strong><br>Alle Angaben auf der Website wurden von der Redaktion nach bestem Wissen erstellt und sorgf\u00e4ltig \u00fcberpr\u00fcft. Dennoch sind inhaltliche Fehler nicht vollst\u00e4ndig auszuschlie\u00dfen. Deshalb werden alle Angaben ohne jegliche Gew\u00e4hr seitens des Herausgebers gemacht. Es kann keinerlei Haftung oder Verantwortung f\u00fcr inhaltliche Fehler, Satzfehler, Auslassungen, Preisangaben usw. \u00fcbernommen werden. Alle Rechte bleiben vorbehalten. Es ist keine Vervielf\u00e4ltigung, weitere Verbreitung oder Nutzung f\u00fcr kommerzielle Zwecke erlaubt. Alle Angebote sind freibleibend und unverbindlich. Der Autor beh\u00e4lt es sich ausdr\u00fccklich vor, Teile der Seiten oder das gesamte Angebot ohne gesonderte Ank\u00fcndigung zu ver\u00e4ndern, zu erg\u00e4nzen, zu l\u00f6schen oder die Ver\u00f6ffentlichung zeitweise oder endg\u00fcltig einzustellen.<\/p>\n\n\n\n<div style=\"height:60px\" aria-hidden=\"true\" class=\"wp-block-spacer\"><\/div>\n","protected":false},"excerpt":{"rendered":"<p>Impressum Redaktion und verantwortlich f\u00fcr den Inhalt der WebsiteUte BredemeyerKuhredder 1222397 Hamburg Tel. (040) 947 967 52Email: fewo.windrose@web.de Steuernummer: 50\/030\/01441 StreitschlichtungDie Europ\u00e4ische Kommission stellt eine Plattform zur Online-Streitbeilegung (OS) bereit: https:\/\/ec.europa.eu\/consumers\/odr. Urheberrecht und Gew\u00e4hrleistungAlle Angaben auf der Website wurden von der Redaktion nach bestem Wissen erstellt und sorgf\u00e4ltig \u00fcberpr\u00fcft. Dennoch sind inhaltliche Fehler nicht vollst\u00e4ndig [&hellip;]<\/p>\n","protected":false},"author":1,"featured_media":0,"parent":0,"menu_order":0,"comment_status":"closed","ping_status":"closed","template":"","meta":{"gt_page_layout":"","gt_hide_page_title":true,"gt_remove_bottom_margin":false},"_links":{"self":[{"href":"https:\/\/www.fewo-windrose-schoenbergerstrand.de\/index.php?rest_route=\/wp\/v2\/pages\/988"}],"collection":[{"href":"https:\/\/www.fewo-windrose-schoenbergerstrand.de\/index.php?rest_route=\/wp\/v2\/pages"}],"about":[{"href":"https:\/\/www.fewo-windrose-schoenbergerstrand.de\/index.php?rest_route=\/wp\/v2\/types\/page"}],"author":[{"embeddable":true,"href":"https:\/\/www.fewo-windrose-schoenbergerstrand.de\/index.php?rest_route=\/wp\/v2\/users\/1"}],"replies":[{"embeddable":true,"href":"https:\/\/www.fewo-windrose-schoenbergerstrand.de\/index.php?rest_route=%2Fwp%2Fv2%2Fcomments&post=988"}],"version-history":[{"count":8,"href":"https:\/\/www.fewo-windrose-schoenbergerstrand.de\/index.php?rest_route=\/wp\/v2\/pages\/988\/revisions"}],"predecessor-version":[{"id":3006,"href":"https:\/\/www.fewo-windrose-schoenbergerstrand.de\/index.php?rest_route=\/wp\/v2\/pages\/988\/revisions\/3006"}],"wp:attachment":[{"href":"https:\/\/www.fewo-windrose-schoenbergerstrand.de\/index.php?rest_route=%2Fwp%2Fv2%2Fmedia&parent=988"}],"curies":[{"name":"wp","href":"https:\/\/api.w.org\/{rel}","templated":true}]}}